{"id":2794,"date":"2022-06-10T09:01:34","date_gmt":"2022-06-10T07:01:34","guid":{"rendered":"https:\/\/immobiliare-sl.dolomit.casasoft.ch\/acquisto\/"},"modified":"2024-10-30T10:32:17","modified_gmt":"2024-10-30T09:32:17","slug":"kauf","status":"publish","type":"page","link":"https:\/\/immobiliare-sl.ch\/de\/kauf\/","title":{"rendered":"Kauf"},"content":{"rendered":"","protected":false},"excerpt":{"rendered":"","protected":false},"author":1,"featured_media":0,"parent":0,"menu_order":0,"comment_status":"closed","ping_status":"closed","template":"","meta":{"_acf_changed":false,"inline_featured_image":false,"footnotes":""},"class_list":["post-2794","page","type-page","status-publish","hentry"],"acf":[],"yoast_head":"<!-- This site is optimized with the Yoast SEO plugin v27.3 - https:\/\/yoast.com\/product\/yoast-seo-wordpress\/ -->\n<title>Kauf - IMMOBILIARE SL SA<\/title>\n<meta name=\"description\" content=\"Sie m\u00f6chten eine Liegenschaft kaufen? Idyllische Villen, Einfamilienh\u00e4user, Traumwohnungen, Landh\u00e4user und Grundst\u00fccke: Wir finden die Immobilie Ihrer Tr\u00e4ume.\" \/>\n<meta name=\"robots\" content=\"index, follow, max-snippet:-1, max-image-preview:large, max-video-preview:-1\" \/>\n<link rel=\"canonical\" href=\"https:\/\/immobiliare-sl.ch\/de\/kauf\/\" \/>\n<meta property=\"og:locale\" content=\"de_DE\" \/>\n<meta property=\"og:type\" content=\"article\" \/>\n<meta property=\"og:title\" content=\"Kauf - IMMOBILIARE SL SA\" \/>\n<meta property=\"og:description\" content=\"Sie m\u00f6chten eine Liegenschaft kaufen? Idyllische Villen, Einfamilienh\u00e4user, Traumwohnungen, Landh\u00e4user und Grundst\u00fccke: Wir finden die Immobilie Ihrer Tr\u00e4ume.\" \/>\n<meta property=\"og:url\" content=\"https:\/\/immobiliare-sl.ch\/de\/kauf\/\" \/>\n<meta property=\"og:site_name\" content=\"IMMOBILIARE SL SA\" \/>\n<meta property=\"article:modified_time\" content=\"2024-10-30T09:32:17+00:00\" \/>\n<meta name=\"twitter:card\" content=\"summary_large_image\" \/>\n<script type=\"application\/ld+json\" class=\"yoast-schema-graph\">{\"@context\":\"https:\\\/\\\/schema.org\",\"@graph\":[{\"@type\":\"WebPage\",\"@id\":\"https:\\\/\\\/immobiliare-sl.ch\\\/de\\\/kauf\\\/\",\"url\":\"https:\\\/\\\/immobiliare-sl.ch\\\/de\\\/kauf\\\/\",\"name\":\"Kauf - IMMOBILIARE SL SA\",\"isPartOf\":{\"@id\":\"https:\\\/\\\/immobiliare-sl.dolomit.casasoft.ch\\\/#website\"},\"datePublished\":\"2022-06-10T07:01:34+00:00\",\"dateModified\":\"2024-10-30T09:32:17+00:00\",\"description\":\"Sie m\u00f6chten eine Liegenschaft kaufen? Idyllische Villen, Einfamilienh\u00e4user, Traumwohnungen, Landh\u00e4user und Grundst\u00fccke: Wir finden die Immobilie Ihrer Tr\u00e4ume.\",\"breadcrumb\":{\"@id\":\"https:\\\/\\\/immobiliare-sl.ch\\\/de\\\/kauf\\\/#breadcrumb\"},\"inLanguage\":\"de\",\"potentialAction\":[{\"@type\":\"ReadAction\",\"target\":[\"https:\\\/\\\/immobiliare-sl.ch\\\/de\\\/kauf\\\/\"]}]},{\"@type\":\"BreadcrumbList\",\"@id\":\"https:\\\/\\\/immobiliare-sl.ch\\\/de\\\/kauf\\\/#breadcrumb\",\"itemListElement\":[{\"@type\":\"ListItem\",\"position\":1,\"name\":\"Startseite\",\"item\":\"https:\\\/\\\/immobiliare-sl.ch\\\/de\\\/\"},{\"@type\":\"ListItem\",\"position\":2,\"name\":\"Kauf\"}]},{\"@type\":\"WebSite\",\"@id\":\"https:\\\/\\\/immobiliare-sl.dolomit.casasoft.ch\\\/#website\",\"url\":\"https:\\\/\\\/immobiliare-sl.dolomit.casasoft.ch\\\/\",\"name\":\"IMMOBILIARE SL SA\",\"description\":\"\",\"publisher\":{\"@id\":\"https:\\\/\\\/immobiliare-sl.dolomit.casasoft.ch\\\/#organization\"},\"potentialAction\":[{\"@type\":\"SearchAction\",\"target\":{\"@type\":\"EntryPoint\",\"urlTemplate\":\"https:\\\/\\\/immobiliare-sl.dolomit.casasoft.ch\\\/?s={search_term_string}\"},\"query-input\":{\"@type\":\"PropertyValueSpecification\",\"valueRequired\":true,\"valueName\":\"search_term_string\"}}],\"inLanguage\":\"de\"},{\"@type\":\"Organization\",\"@id\":\"https:\\\/\\\/immobiliare-sl.dolomit.casasoft.ch\\\/#organization\",\"name\":\"IMMOBILIARE SL SA\",\"url\":\"https:\\\/\\\/immobiliare-sl.dolomit.casasoft.ch\\\/\",\"logo\":{\"@type\":\"ImageObject\",\"inLanguage\":\"de\",\"@id\":\"https:\\\/\\\/immobiliare-sl.dolomit.casasoft.ch\\\/#\\\/schema\\\/logo\\\/image\\\/\",\"url\":\"https:\\\/\\\/immobiliare-sl.ch\\\/wp-content\\\/uploads\\\/sites\\\/6\\\/2025\\\/04\\\/cropped-logo-nuovo.png\",\"contentUrl\":\"https:\\\/\\\/immobiliare-sl.ch\\\/wp-content\\\/uploads\\\/sites\\\/6\\\/2025\\\/04\\\/cropped-logo-nuovo.png\",\"width\":474,\"height\":246,\"caption\":\"IMMOBILIARE SL SA\"},\"image\":{\"@id\":\"https:\\\/\\\/immobiliare-sl.dolomit.casasoft.ch\\\/#\\\/schema\\\/logo\\\/image\\\/\"}}]}<\/script>\n<!-- \/ Yoast SEO plugin. -->","yoast_head_json":{"title":"Kauf - IMMOBILIARE SL SA","description":"Sie m\u00f6chten eine Liegenschaft kaufen? Idyllische Villen, Einfamilienh\u00e4user, Traumwohnungen, Landh\u00e4user und Grundst\u00fccke: Wir finden die Immobilie Ihrer Tr\u00e4ume.","robots":{"index":"index","follow":"follow","max-snippet":"max-snippet:-1","max-image-preview":"max-image-preview:large","max-video-preview":"max-video-preview:-1"},"canonical":"https:\/\/immobiliare-sl.ch\/de\/kauf\/","og_locale":"de_DE","og_type":"article","og_title":"Kauf - IMMOBILIARE SL SA","og_description":"Sie m\u00f6chten eine Liegenschaft kaufen? Idyllische Villen, Einfamilienh\u00e4user, Traumwohnungen, Landh\u00e4user und Grundst\u00fccke: Wir finden die Immobilie Ihrer Tr\u00e4ume.","og_url":"https:\/\/immobiliare-sl.ch\/de\/kauf\/","og_site_name":"IMMOBILIARE SL SA","article_modified_time":"2024-10-30T09:32:17+00:00","twitter_card":"summary_large_image","schema":{"@context":"https:\/\/schema.org","@graph":[{"@type":"WebPage","@id":"https:\/\/immobiliare-sl.ch\/de\/kauf\/","url":"https:\/\/immobiliare-sl.ch\/de\/kauf\/","name":"Kauf - IMMOBILIARE SL SA","isPartOf":{"@id":"https:\/\/immobiliare-sl.dolomit.casasoft.ch\/#website"},"datePublished":"2022-06-10T07:01:34+00:00","dateModified":"2024-10-30T09:32:17+00:00","description":"Sie m\u00f6chten eine Liegenschaft kaufen? Idyllische Villen, Einfamilienh\u00e4user, Traumwohnungen, Landh\u00e4user und Grundst\u00fccke: Wir finden die Immobilie Ihrer Tr\u00e4ume.","breadcrumb":{"@id":"https:\/\/immobiliare-sl.ch\/de\/kauf\/#breadcrumb"},"inLanguage":"de","potentialAction":[{"@type":"ReadAction","target":["https:\/\/immobiliare-sl.ch\/de\/kauf\/"]}]},{"@type":"BreadcrumbList","@id":"https:\/\/immobiliare-sl.ch\/de\/kauf\/#breadcrumb","itemListElement":[{"@type":"ListItem","position":1,"name":"Startseite","item":"https:\/\/immobiliare-sl.ch\/de\/"},{"@type":"ListItem","position":2,"name":"Kauf"}]},{"@type":"WebSite","@id":"https:\/\/immobiliare-sl.dolomit.casasoft.ch\/#website","url":"https:\/\/immobiliare-sl.dolomit.casasoft.ch\/","name":"IMMOBILIARE SL SA","description":"","publisher":{"@id":"https:\/\/immobiliare-sl.dolomit.casasoft.ch\/#organization"},"potentialAction":[{"@type":"SearchAction","target":{"@type":"EntryPoint","urlTemplate":"https:\/\/immobiliare-sl.dolomit.casasoft.ch\/?s={search_term_string}"},"query-input":{"@type":"PropertyValueSpecification","valueRequired":true,"valueName":"search_term_string"}}],"inLanguage":"de"},{"@type":"Organization","@id":"https:\/\/immobiliare-sl.dolomit.casasoft.ch\/#organization","name":"IMMOBILIARE SL SA","url":"https:\/\/immobiliare-sl.dolomit.casasoft.ch\/","logo":{"@type":"ImageObject","inLanguage":"de","@id":"https:\/\/immobiliare-sl.dolomit.casasoft.ch\/#\/schema\/logo\/image\/","url":"https:\/\/immobiliare-sl.ch\/wp-content\/uploads\/sites\/6\/2025\/04\/cropped-logo-nuovo.png","contentUrl":"https:\/\/immobiliare-sl.ch\/wp-content\/uploads\/sites\/6\/2025\/04\/cropped-logo-nuovo.png","width":474,"height":246,"caption":"IMMOBILIARE SL SA"},"image":{"@id":"https:\/\/immobiliare-sl.dolomit.casasoft.ch\/#\/schema\/logo\/image\/"}}]}},"_links":{"self":[{"href":"https:\/\/immobiliare-sl.ch\/de\/wp-json\/wp\/v2\/pages\/2794","targetHints":{"allow":["GET"]}}],"collection":[{"href":"https:\/\/immobiliare-sl.ch\/de\/wp-json\/wp\/v2\/pages"}],"about":[{"href":"https:\/\/immobiliare-sl.ch\/de\/wp-json\/wp\/v2\/types\/page"}],"author":[{"embeddable":true,"href":"https:\/\/immobiliare-sl.ch\/de\/wp-json\/wp\/v2\/users\/1"}],"replies":[{"embeddable":true,"href":"https:\/\/immobiliare-sl.ch\/de\/wp-json\/wp\/v2\/comments?post=2794"}],"version-history":[{"count":0,"href":"https:\/\/immobiliare-sl.ch\/de\/wp-json\/wp\/v2\/pages\/2794\/revisions"}],"wp:attachment":[{"href":"https:\/\/immobiliare-sl.ch\/de\/wp-json\/wp\/v2\/media?parent=2794"}],"curies":[{"name":"wp","href":"https:\/\/api.w.org\/{rel}","templated":true}]}}